{"id":14,"date":"2019-01-09T16:53:41","date_gmt":"2019-01-09T16:53:41","guid":{"rendered":"http:\/\/midtec.company\/?page_id=14"},"modified":"2023-01-19T11:36:06","modified_gmt":"2023-01-19T11:36:06","slug":"it-dienstleistung","status":"publish","type":"page","link":"https:\/\/www.midtec.de\/?page_id=14","title":{"rendered":"IT-Dienstleistung"},"content":{"rendered":"\n<h2><\/h2>\n\n\n\n<p><strong>Anwendungsentwicklung<\/strong><br><br>Die Dienstleistungen der midtec GmbH umfassen den gesamten Proze\u00df der Analyse, des Entwurfes, der Realisierung, der Schulung und des Einsatzes Ihrer Anwendungen.<br>Zusammen mit Ihnen untersuchen wir Ihre Anforderungen, entwerfen die Anwendung und f\u00fchren das fertige Programm in die Produktion ein. Bei der Programmeinf\u00fchrung unterst\u00fctzen wir Sie gerne mit Anwender- und Administratorschulungen.<br><\/p>\n\n\n\n<p><\/p>\n","protected":false},"excerpt":{"rendered":"<p>Anwendungsentwicklung Die Dienstleistungen der midtec GmbH umfassen den gesamten Proze\u00df der Analyse, des Entwurfes, der Realisierung, der Schulung und des Einsatzes Ihrer Anwendungen.Zusammen mit Ihnen untersuchen wir Ihre Anforderungen, entwerfen die Anwendung und f\u00fchren das fertige Programm in die Produktion ein. Bei der Programmeinf\u00fchrung unterst\u00fctzen wir Sie gerne mit Anwender- und Administratorschulungen.<\/p>\n","protected":false},"author":1,"featured_media":0,"parent":0,"menu_order":10,"comment_status":"closed","ping_status":"closed","template":"","meta":[],"_links":{"self":[{"href":"https:\/\/www.midtec.de\/index.php?rest_route=\/wp\/v2\/pages\/14"}],"collection":[{"href":"https:\/\/www.midtec.de\/index.php?rest_route=\/wp\/v2\/pages"}],"about":[{"href":"https:\/\/www.midtec.de\/index.php?rest_route=\/wp\/v2\/types\/page"}],"author":[{"embeddable":true,"href":"https:\/\/www.midtec.de\/index.php?rest_route=\/wp\/v2\/users\/1"}],"replies":[{"embeddable":true,"href":"https:\/\/www.midtec.de\/index.php?rest_route=%2Fwp%2Fv2%2Fcomments&post=14"}],"version-history":[{"count":3,"href":"https:\/\/www.midtec.de\/index.php?rest_route=\/wp\/v2\/pages\/14\/revisions"}],"predecessor-version":[{"id":69,"href":"https:\/\/www.midtec.de\/index.php?rest_route=\/wp\/v2\/pages\/14\/revisions\/69"}],"wp:attachment":[{"href":"https:\/\/www.midtec.de\/index.php?rest_route=%2Fwp%2Fv2%2Fmedia&parent=14"}],"curies":[{"name":"wp","href":"https:\/\/api.w.org\/{rel}","templated":true}]}}