{"id":16,"date":"2019-01-09T16:57:41","date_gmt":"2019-01-09T16:57:41","guid":{"rendered":"http:\/\/midtec.company\/?page_id=16"},"modified":"2023-01-19T11:33:38","modified_gmt":"2023-01-19T11:33:38","slug":"portrait","status":"publish","type":"page","link":"https:\/\/www.midtec.de\/?page_id=16","title":{"rendered":"Portrait"},"content":{"rendered":"\n<h2><\/h2>\n\n\n\n<p>Die <strong>midtec GmbH<\/strong>  wurde 1999 von Herrn Diplom-Informatiker Ulrich Berger gegr\u00fcndet.<br>Seit 2003 leitet Herr Diplom-Informatiker R\u00fcdiger Emmler als gesch\u00e4ftsf\u00fchrender Gesellschafter die midtec GmbH.<br>Seit \u00fcber 20 Jahren arbeitet die midtec GmbH in der Softwareentwicklung und IT-Beratung und stellt ihr Know-How ihren  Kunden aus dem Finanzdienstleistungssektor, Gesundheitswesen, Transportwesen und anderen Dienstleistungsunternehmen zur Verf\u00fcgung. <\/p>\n\n\n\n<p>Aktuell liegt unser Schwerpunkt im Bereich Softwareentwicklung f\u00fcr den Schieneng\u00fcterverkehr.<\/p>\n","protected":false},"excerpt":{"rendered":"<p>Die midtec GmbH wurde 1999 von Herrn Diplom-Informatiker Ulrich Berger gegr\u00fcndet.Seit 2003 leitet Herr Diplom-Informatiker R\u00fcdiger Emmler als gesch\u00e4ftsf\u00fchrender Gesellschafter die midtec GmbH.Seit \u00fcber 20 Jahren arbeitet die midtec GmbH in der Softwareentwicklung und IT-Beratung und stellt ihr Know-How ihren Kunden aus dem Finanzdienstleistungssektor, Gesundheitswesen, Transportwesen und anderen Dienstleistungsunternehmen zur Verf\u00fcgung. Aktuell liegt unser Schwerpunkt <a href=\"https:\/\/www.midtec.de\/?page_id=16\" class=\"more-link\">...weiterlesen<span class=\"screen-reader-text\"> \"Portrait\"<\/span><\/a><\/p>\n","protected":false},"author":1,"featured_media":0,"parent":0,"menu_order":20,"comment_status":"closed","ping_status":"closed","template":"","meta":[],"_links":{"self":[{"href":"https:\/\/www.midtec.de\/index.php?rest_route=\/wp\/v2\/pages\/16"}],"collection":[{"href":"https:\/\/www.midtec.de\/index.php?rest_route=\/wp\/v2\/pages"}],"about":[{"href":"https:\/\/www.midtec.de\/index.php?rest_route=\/wp\/v2\/types\/page"}],"author":[{"embeddable":true,"href":"https:\/\/www.midtec.de\/index.php?rest_route=\/wp\/v2\/users\/1"}],"replies":[{"embeddable":true,"href":"https:\/\/www.midtec.de\/index.php?rest_route=%2Fwp%2Fv2%2Fcomments&post=16"}],"version-history":[{"count":2,"href":"https:\/\/www.midtec.de\/index.php?rest_route=\/wp\/v2\/pages\/16\/revisions"}],"predecessor-version":[{"id":67,"href":"https:\/\/www.midtec.de\/index.php?rest_route=\/wp\/v2\/pages\/16\/revisions\/67"}],"wp:attachment":[{"href":"https:\/\/www.midtec.de\/index.php?rest_route=%2Fwp%2Fv2%2Fmedia&parent=16"}],"curies":[{"name":"wp","href":"https:\/\/api.w.org\/{rel}","templated":true}]}}