{"id":2,"date":"2019-01-01T03:48:21","date_gmt":"2019-01-01T03:48:21","guid":{"rendered":"http:\/\/midtec.company\/?page_id=2"},"modified":"2023-01-19T11:38:25","modified_gmt":"2023-01-19T11:38:25","slug":"sample-page","status":"publish","type":"page","link":"https:\/\/www.midtec.de\/?page_id=2","title":{"rendered":"Impressum"},"content":{"rendered":"<p><span style=\"font-family: Arial,Helvetica,Geneva,Swiss,SunSans-Regular;\"><b><span class=\"bold\">Impressum :<\/span><\/b><br \/><\/span><\/p>\n<p><span style=\"font-family: Arial,Helvetica,Geneva,Swiss,SunSans-Regular;\"><span class=\"body\">Anbieterkennzeichnung gem. \u00a75 Telemediengesetz (TMG):<br \/>midtec Gesellschaft f\u00fcr Softwaretechnologie und IT-Dienstleistung mbH<br \/>Pankratiusstr. 27<br \/>52499 Baesweiler<br \/><\/span><\/span><\/p>\n<p><span style=\"font-family: Arial,Helvetica,Geneva,Swiss,SunSans-Regular;\"><span class=\"body\">Telefon: +49 (0)2401 8049500<br \/>Telefax: +49 (0)2401 8049499<br \/>info@midtec.de<br \/><\/span><\/span><\/p>\n<p><span style=\"font-family: Arial,Helvetica,Geneva,Swiss,SunSans-Regular;\"><span class=\"body\">Gesch\u00e4ftsf\u00fchrer:<br \/>R\u00fcdiger Emmler<br \/>inhaltlich verantwortlich gem. \u00a755 Abs.2 des Staatsvertrages f\u00fcr Rundfunk und Telemedien (RStV)<\/span><\/span><\/p>\n<p>Rechtsform:<br \/>Gesellschaft mit beschr\u00e4nkter Haftung<\/p>\n<p>Handelsregister:<br \/>HRB 18590 Amtsgericht Aachen<\/p>\n\n\n<p><\/p>\n","protected":false},"excerpt":{"rendered":"<p>Impressum : Anbieterkennzeichnung gem. \u00a75 Telemediengesetz (TMG):midtec Gesellschaft f\u00fcr Softwaretechnologie und IT-Dienstleistung mbHPankratiusstr. 2752499 Baesweiler Telefon: +49 (0)2401 8049500Telefax: +49 (0)2401 8049499info@midtec.de Gesch\u00e4ftsf\u00fchrer:R\u00fcdiger Emmlerinhaltlich verantwortlich gem. \u00a755 Abs.2 des Staatsvertrages f\u00fcr Rundfunk und Telemedien (RStV) Rechtsform:Gesellschaft mit beschr\u00e4nkter Haftung Handelsregister:HRB 18590 Amtsgericht Aachen<\/p>\n","protected":false},"author":1,"featured_media":0,"parent":0,"menu_order":30,"comment_status":"closed","ping_status":"open","template":"","meta":[],"_links":{"self":[{"href":"https:\/\/www.midtec.de\/index.php?rest_route=\/wp\/v2\/pages\/2"}],"collection":[{"href":"https:\/\/www.midtec.de\/index.php?rest_route=\/wp\/v2\/pages"}],"about":[{"href":"https:\/\/www.midtec.de\/index.php?rest_route=\/wp\/v2\/types\/page"}],"author":[{"embeddable":true,"href":"https:\/\/www.midtec.de\/index.php?rest_route=\/wp\/v2\/users\/1"}],"replies":[{"embeddable":true,"href":"https:\/\/www.midtec.de\/index.php?rest_route=%2Fwp%2Fv2%2Fcomments&post=2"}],"version-history":[{"count":4,"href":"https:\/\/www.midtec.de\/index.php?rest_route=\/wp\/v2\/pages\/2\/revisions"}],"predecessor-version":[{"id":72,"href":"https:\/\/www.midtec.de\/index.php?rest_route=\/wp\/v2\/pages\/2\/revisions\/72"}],"wp:attachment":[{"href":"https:\/\/www.midtec.de\/index.php?rest_route=%2Fwp%2Fv2%2Fmedia&parent=2"}],"curies":[{"name":"wp","href":"https:\/\/api.w.org\/{rel}","templated":true}]}}